{"id":12,"date":"2024-06-23T14:34:23","date_gmt":"2024-06-23T12:34:23","guid":{"rendered":"http:\/\/protectasivoire-securite.com\/?page_id=12"},"modified":"2025-05-30T09:08:32","modified_gmt":"2025-05-30T07:08:32","slug":"pour-la-qualite-nous-sommes-a-votre-service","status":"publish","type":"page","link":"https:\/\/protectasivoire-securite.com\/","title":{"rendered":""},"content":{"rendered":"\n<div class=\"wp-block-group alignwide\"><div class=\"wp-block-group__inner-container is-layout-flow wp-block-group-is-layout-flow\">\n<h2 class=\"wp-block-heading has-text-align-center has-text-color has-link-color wp-elements-0ca55831e57f5f301ef81f8b32c79012\" style=\"color:#8f441d\">La premi\u00e8re soci\u00e9t\u00e9 de s\u00e9curit\u00e9 priv\u00e9e en C\u00f4te d&rsquo;Ivoire pour la meilleure protection et s\u00e9curit\u00e9 des biens, des lieux et des personnes<\/h2>\n<\/div><\/div>\n\n\n\n<div class=\"wp-block-columns alignwide is-layout-flex wp-container-core-columns-is-layout-9d6595d7 wp-block-columns-is-layout-flex\">\n<div class=\"wp-block-column is-layout-flow wp-block-column-is-layout-flow\">\n<div class=\"wp-block-group\"><div class=\"wp-block-group__inner-container is-layout-flow wp-block-group-is-layout-flow\">\n<h3 class=\"wp-block-heading\"><img loading=\"lazy\" decoding=\"async\" width=\"550\" height=\"412\" class=\"wp-image-50\" style=\"width: 550px;\" src=\"https:\/\/protectasivoire-securite.com\/wp-content\/uploads\/2024\/06\/Protectas-ivoire-securite-image-2.png\" alt=\"Protectas ivoire securite image 2\" srcset=\"https:\/\/protectasivoire-securite.com\/wp-content\/uploads\/2024\/06\/Protectas-ivoire-securite-image-2.png 1654w, https:\/\/protectasivoire-securite.com\/wp-content\/uploads\/2024\/06\/Protectas-ivoire-securite-image-2-300x225.png 300w, https:\/\/protectasivoire-securite.com\/wp-content\/uploads\/2024\/06\/Protectas-ivoire-securite-image-2-1024x768.png 1024w, https:\/\/protectasivoire-securite.com\/wp-content\/uploads\/2024\/06\/Protectas-ivoire-securite-image-2-768x576.png 768w, https:\/\/protectasivoire-securite.com\/wp-content\/uploads\/2024\/06\/Protectas-ivoire-securite-image-2-1536x1152.png 1536w, https:\/\/protectasivoire-securite.com\/wp-content\/uploads\/2024\/06\/Protectas-ivoire-securite-image-2-1200x900.png 1200w\" sizes=\"auto, (max-width: 550px) 100vw, 550px\" \/>Gardiennage<\/h3>\n\n\n\n<div class=\"wp-block-button is-style-outline is-style-outline--1\"><a class=\"wp-block-button__link wp-element-button\" href=\"https:\/\/protectasivoire-securite.com\/index.php\/nos-services\/\">Lire la suite<\/a><\/div>\n<\/div><\/div>\n\n\n\n<div class=\"wp-block-group\"><div class=\"wp-block-group__inner-container is-layout-flow wp-block-group-is-layout-flow\">\n<figure class=\"wp-block-image alignfull size-full\"><img loading=\"lazy\" decoding=\"async\" width=\"1240\" height=\"874\" src=\"https:\/\/protectasivoire-securite.com\/wp-content\/uploads\/2024\/06\/services-1.png\" alt=\"\" class=\"wp-image-93\" srcset=\"https:\/\/protectasivoire-securite.com\/wp-content\/uploads\/2024\/06\/services-1.png 1240w, https:\/\/protectasivoire-securite.com\/wp-content\/uploads\/2024\/06\/services-1-300x211.png 300w, https:\/\/protectasivoire-securite.com\/wp-content\/uploads\/2024\/06\/services-1-1024x722.png 1024w, https:\/\/protectasivoire-securite.com\/wp-content\/uploads\/2024\/06\/services-1-768x541.png 768w, https:\/\/protectasivoire-securite.com\/wp-content\/uploads\/2024\/06\/services-1-1200x846.png 1200w\" sizes=\"auto, (max-width: 1240px) 100vw, 1240px\" \/><\/figure>\n\n\n\n<h3 class=\"wp-block-heading\">La vid\u00e9o surveillance <\/h3>\n\n\n\n<p><\/p>\n\n\n\n<div class=\"wp-block-button is-style-outline is-style-outline--2\"><a class=\"wp-block-button__link wp-element-button\" href=\"https:\/\/protectasivoire-securite.com\/index.php\/nos-services\/\">Lire la suite<\/a><\/div>\n<\/div><\/div>\n<\/div>\n\n\n\n<div class=\"wp-block-column is-layout-flow wp-block-column-is-layout-flow\">\n<div class=\"wp-block-group\"><div class=\"wp-block-group__inner-container is-layout-flow wp-block-group-is-layout-flow\">\n<figure class=\"wp-block-gallery alignfull has-nested-images columns-default is-cropped wp-block-gallery-3 is-layout-flex wp-block-gallery-is-layout-flex\">\n<figure class=\"wp-block-image size-full is-style-default\"><img loading=\"lazy\" decoding=\"async\" width=\"1654\" height=\"1240\" data-id=\"52\" src=\"https:\/\/protectasivoire-securite.com\/wp-content\/uploads\/2024\/06\/Protectas-ivoire-securite-image-3.png\" alt=\"\" class=\"wp-image-52\" srcset=\"https:\/\/protectasivoire-securite.com\/wp-content\/uploads\/2024\/06\/Protectas-ivoire-securite-image-3.png 1654w, https:\/\/protectasivoire-securite.com\/wp-content\/uploads\/2024\/06\/Protectas-ivoire-securite-image-3-300x225.png 300w, https:\/\/protectasivoire-securite.com\/wp-content\/uploads\/2024\/06\/Protectas-ivoire-securite-image-3-1024x768.png 1024w, https:\/\/protectasivoire-securite.com\/wp-content\/uploads\/2024\/06\/Protectas-ivoire-securite-image-3-768x576.png 768w, https:\/\/protectasivoire-securite.com\/wp-content\/uploads\/2024\/06\/Protectas-ivoire-securite-image-3-1536x1152.png 1536w, https:\/\/protectasivoire-securite.com\/wp-content\/uploads\/2024\/06\/Protectas-ivoire-securite-image-3-1200x900.png 1200w\" sizes=\"auto, (max-width: 1654px) 100vw, 1654px\" \/><\/figure>\n<\/figure>\n\n\n\n<h3 class=\"wp-block-heading\">Surveillance des lieux<\/h3>\n\n\n\n<div class=\"wp-block-button is-style-outline is-style-outline--4\"><a class=\"wp-block-button__link wp-element-button\" href=\"https:\/\/protectasivoire-securite.com\/index.php\/nos-services\/\">Lire la suite<\/a><\/div>\n<\/div><\/div>\n\n\n\n<div class=\"wp-block-group\"><div class=\"wp-block-group__inner-container is-layout-flow wp-block-group-is-layout-flow\">\n<figure class=\"wp-block-image alignfull size-full\"><img loading=\"lazy\" decoding=\"async\" width=\"1240\" height=\"874\" src=\"https:\/\/protectasivoire-securite.com\/wp-content\/uploads\/2024\/06\/services-2.png\" alt=\"\" class=\"wp-image-97\" srcset=\"https:\/\/protectasivoire-securite.com\/wp-content\/uploads\/2024\/06\/services-2.png 1240w, https:\/\/protectasivoire-securite.com\/wp-content\/uploads\/2024\/06\/services-2-300x211.png 300w, https:\/\/protectasivoire-securite.com\/wp-content\/uploads\/2024\/06\/services-2-1024x722.png 1024w, https:\/\/protectasivoire-securite.com\/wp-content\/uploads\/2024\/06\/services-2-768x541.png 768w, https:\/\/protectasivoire-securite.com\/wp-content\/uploads\/2024\/06\/services-2-1200x846.png 1200w\" sizes=\"auto, (max-width: 1240px) 100vw, 1240px\" \/><\/figure>\n\n\n\n<h3 class=\"wp-block-heading\">Gardiennage et rondes<\/h3>\n\n\n\n<p><\/p>\n\n\n\n<div class=\"wp-block-button is-style-outline is-style-outline--5\"><a class=\"wp-block-button__link wp-element-button\" href=\"https:\/\/protectasivoire-securite.com\/index.php\/nos-services\/\">Lire la suite<\/a><\/div>\n<\/div><\/div>\n<\/div>\n<\/div>\n\n\n\n<figure class=\"wp-block-image alignfull size-full\"><img loading=\"lazy\" decoding=\"async\" width=\"1160\" height=\"768\" src=\"https:\/\/protectasivoire-securite.com\/wp-content\/uploads\/2024\/06\/18.jpg\" alt=\"\" class=\"wp-image-55\" srcset=\"https:\/\/protectasivoire-securite.com\/wp-content\/uploads\/2024\/06\/18.jpg 1160w, https:\/\/protectasivoire-securite.com\/wp-content\/uploads\/2024\/06\/18-300x199.jpg 300w, https:\/\/protectasivoire-securite.com\/wp-content\/uploads\/2024\/06\/18-1024x678.jpg 1024w, https:\/\/protectasivoire-securite.com\/wp-content\/uploads\/2024\/06\/18-768x508.jpg 768w\" sizes=\"auto, (max-width: 1160px) 100vw, 1160px\" \/><\/figure>\n\n\n\n<div class=\"wp-block-group alignwide\"><div class=\"wp-block-group__inner-container is-layout-flow wp-block-group-is-layout-flow\">\n<h2 class=\"wp-block-heading has-text-align-center has-text-color\" style=\"color:#a93807\">\u00ab&nbsp;La soci\u00e9t\u00e9 Protectas Ivoire S\u00e9curit\u00e9 a un engagement qui est de former ses agents pour le respect et le bon fonctionnement des missions.&nbsp;\u00bb<\/h2>\n<\/div><\/div>\n\n\n\n<p class=\"has-drop-cap\">Notre \u00e9quipe est compos\u00e9e de professionnels de la s\u00e9curit\u00e9 hautement qualifi\u00e9s et exp\u00e9riment\u00e9s. Chaque membre de notre personnel est soigneusement s\u00e9lectionn\u00e9 et form\u00e9 pour garantir qu&rsquo;ils r\u00e9pondent \u00e0 nos standards \u00e9lev\u00e9s. Nous croyons que la formation continue et le d\u00e9veloppement professionnel sont essentiels pour maintenir notre position de leader dans l&rsquo;industrie de la s\u00e9curit\u00e9.<\/p>\n\n\n\n<div class=\"wp-block-group alignwide has-background\" style=\"background-color:#ffffff\"><div class=\"wp-block-group__inner-container is-layout-flow wp-block-group-is-layout-flow\">\n<div class=\"wp-block-group\"><div class=\"wp-block-group__inner-container is-layout-flow wp-block-group-is-layout-flow\">\n<h2 class=\"wp-block-heading has-text-align-center\">Signez avec nous et dormez sur vos deux oreilles !<\/h2>\n\n\n\n<p class=\"has-text-align-center\">Signer avec nous c\u2019est assurer votre s\u00e9curit\u00e9 et votre sereinement tout en \u00e9conomisant de l\u2019argent avec nos offres imbattables.  <\/p>\n\n\n\n<div class=\"wp-block-button aligncenter\"><a class=\"wp-block-button__link wp-element-button\" href=\"https:\/\/protectasivoire-securite.com\/index.php\/contact\/\">Contacter MAINTENANT <\/a><\/div>\n<\/div><\/div>\n<\/div><\/div>\n\n\n\n<figure class=\"wp-block-gallery alignwide has-nested-images columns-default is-cropped wp-block-gallery-6 is-layout-flex wp-block-gallery-is-layout-flex\">\n<figure class=\"wp-block-image size-large\"><img loading=\"lazy\" decoding=\"async\" width=\"1024\" height=\"722\" data-id=\"99\" src=\"https:\/\/protectasivoire-securite.com\/wp-content\/uploads\/2024\/06\/images-protectas-1-1024x722.png\" alt=\"\" class=\"wp-image-99\" srcset=\"https:\/\/protectasivoire-securite.com\/wp-content\/uploads\/2024\/06\/images-protectas-1-1024x722.png 1024w, https:\/\/protectasivoire-securite.com\/wp-content\/uploads\/2024\/06\/images-protectas-1-300x211.png 300w, https:\/\/protectasivoire-securite.com\/wp-content\/uploads\/2024\/06\/images-protectas-1-768x541.png 768w, https:\/\/protectasivoire-securite.com\/wp-content\/uploads\/2024\/06\/images-protectas-1-1200x846.png 1200w, https:\/\/protectasivoire-securite.com\/wp-content\/uploads\/2024\/06\/images-protectas-1.png 1240w\" sizes=\"auto, (max-width: 1024px) 100vw, 1024px\" \/><\/figure>\n\n\n\n<figure class=\"wp-block-image size-large\"><img loading=\"lazy\" decoding=\"async\" width=\"1024\" height=\"722\" data-id=\"100\" src=\"https:\/\/protectasivoire-securite.com\/wp-content\/uploads\/2024\/06\/images-protectas-2-1024x722.png\" alt=\"\" class=\"wp-image-100\" srcset=\"https:\/\/protectasivoire-securite.com\/wp-content\/uploads\/2024\/06\/images-protectas-2-1024x722.png 1024w, https:\/\/protectasivoire-securite.com\/wp-content\/uploads\/2024\/06\/images-protectas-2-300x211.png 300w, https:\/\/protectasivoire-securite.com\/wp-content\/uploads\/2024\/06\/images-protectas-2-768x541.png 768w, https:\/\/protectasivoire-securite.com\/wp-content\/uploads\/2024\/06\/images-protectas-2-1200x846.png 1200w, https:\/\/protectasivoire-securite.com\/wp-content\/uploads\/2024\/06\/images-protectas-2.png 1240w\" sizes=\"auto, (max-width: 1024px) 100vw, 1024px\" \/><\/figure>\n<\/figure>\n","protected":false},"excerpt":{"rendered":"<p>La premi\u00e8re soci\u00e9t\u00e9 de s\u00e9curit\u00e9 priv\u00e9e en C\u00f4te d&rsquo;Ivoire pour la meilleure protection et s\u00e9curit\u00e9 des biens, des lieux et des personnes Gardiennage La vid\u00e9o surveillance Surveillance des lieux Gardiennage et rondes \u00ab&nbsp;La soci\u00e9t\u00e9 Protectas Ivoire S\u00e9curit\u00e9 a un engagement qui est de former ses agents pour le respect et le bon fonctionnement des missions.&nbsp;\u00bb [&hellip;]<\/p>\n","protected":false},"author":1,"featured_media":48,"parent":0,"menu_order":0,"comment_status":"closed","ping_status":"closed","template":"","meta":{"footnotes":""},"class_list":["post-12","page","type-page","status-publish","has-post-thumbnail","hentry"],"_links":{"self":[{"href":"https:\/\/protectasivoire-securite.com\/index.php\/wp-json\/wp\/v2\/pages\/12","targetHints":{"allow":["GET"]}}],"collection":[{"href":"https:\/\/protectasivoire-securite.com\/index.php\/wp-json\/wp\/v2\/pages"}],"about":[{"href":"https:\/\/protectasivoire-securite.com\/index.php\/wp-json\/wp\/v2\/types\/page"}],"author":[{"embeddable":true,"href":"https:\/\/protectasivoire-securite.com\/index.php\/wp-json\/wp\/v2\/users\/1"}],"replies":[{"embeddable":true,"href":"https:\/\/protectasivoire-securite.com\/index.php\/wp-json\/wp\/v2\/comments?post=12"}],"version-history":[{"count":23,"href":"https:\/\/protectasivoire-securite.com\/index.php\/wp-json\/wp\/v2\/pages\/12\/revisions"}],"predecessor-version":[{"id":246,"href":"https:\/\/protectasivoire-securite.com\/index.php\/wp-json\/wp\/v2\/pages\/12\/revisions\/246"}],"wp:featuredmedia":[{"embeddable":true,"href":"https:\/\/protectasivoire-securite.com\/index.php\/wp-json\/wp\/v2\/media\/48"}],"wp:attachment":[{"href":"https:\/\/protectasivoire-securite.com\/index.php\/wp-json\/wp\/v2\/media?parent=12"}],"curies":[{"name":"wp","href":"https:\/\/api.w.org\/{rel}","templated":true}]}}